{"id":15,"date":"2023-07-31T20:27:08","date_gmt":"2023-07-31T18:27:08","guid":{"rendered":"https:\/\/gymnastique-autrement.net\/?page_id=15"},"modified":"2023-09-22T20:16:35","modified_gmt":"2023-09-22T18:16:35","slug":"bureau","status":"publish","type":"page","link":"https:\/\/gymnastique-autrement.net\/index.php\/bureau\/","title":{"rendered":"Le bureau 2022-2023\u00a0"},"content":{"rendered":"\n<p>Mme <strong>Dominique Lafourcade<\/strong> a int\u00e9gr\u00e9 le Bureau et pris le poste de Pr\u00e9sidente. <\/p>\n\n\n\n<p>Mme <strong>Marie-Jo Le Roux,<\/strong> Mme <strong>Christiane Le Breton<\/strong> et Mme <strong>Michelle Gaudin<\/strong> restent respectivement Vice-Pr\u00e9sidente, Tr\u00e9sori\u00e8re et Secr\u00e9taire. <\/p>\n\n\n\n<p>M. <strong>Jean Lescop<\/strong> continue de g\u00e9rer b\u00e9n\u00e9volement le site.<\/p>\n\n\n\n<div class=\"wp-block-columns is-layout-flex wp-container-core-columns-is-layout-28f84493 wp-block-columns-is-layout-flex\">\n<div class=\"wp-block-column is-layout-flow wp-block-column-is-layout-flow\" style=\"flex-basis:33.33%\">\n<figure class=\"wp-block-image size-full is-resized\"><img decoding=\"async\" src=\"https:\/\/gymnastique-autrement.net\/wp-content\/uploads\/2023\/09\/image-1.png\" alt=\"\" class=\"wp-image-801\" style=\"object-fit:cover;width:133px;height:159px\" width=\"133\" height=\"159\"\/><\/figure>\n<\/div>\n\n\n\n<div class=\"wp-block-column is-layout-flow wp-block-column-is-layout-flow\" style=\"flex-basis:120%\">\n<p><strong>Dominique Lafourcade<\/strong><\/p>\n\n\n\n<p>Pr\u00e9sidente (mars 2022)<\/p>\n<\/div>\n<\/div>\n\n\n\n<div class=\"wp-block-columns is-layout-flex wp-container-core-columns-is-layout-28f84493 wp-block-columns-is-layout-flex\">\n<div class=\"wp-block-column is-layout-flow wp-block-column-is-layout-flow\" style=\"flex-basis:33.33%\">\n<figure class=\"wp-block-image size-full\"><img decoding=\"async\" width=\"116\" height=\"145\" src=\"https:\/\/gymnastique-autrement.net\/wp-content\/uploads\/2023\/09\/image-2.png\" alt=\"\" class=\"wp-image-802\"\/><\/figure>\n<\/div>\n\n\n\n<div class=\"wp-block-column is-layout-flow wp-block-column-is-layout-flow\" style=\"flex-basis:120%\">\n<p><strong>Marie-Jo Le Roux<\/strong><\/p>\n\n\n\n<p>Vice-Pr\u00e9sidente<\/p>\n<\/div>\n<\/div>\n\n\n\n<div class=\"wp-block-columns is-layout-flex wp-container-core-columns-is-layout-28f84493 wp-block-columns-is-layout-flex\">\n<div class=\"wp-block-column is-layout-flow wp-block-column-is-layout-flow\" style=\"flex-basis:33.33%\">\n<figure class=\"wp-block-image size-thumbnail is-resized\"><img decoding=\"async\" src=\"https:\/\/gymnastique-autrement.net\/wp-content\/uploads\/2023\/09\/image-4-1-150x150.png\" alt=\"\" class=\"wp-image-805\" style=\"object-fit:cover;width:183px;height:140px\" width=\"183\" height=\"140\"\/><\/figure>\n<\/div>\n\n\n\n<div class=\"wp-block-column is-layout-flow wp-block-column-is-layout-flow\" style=\"flex-basis:120%\">\n<p><strong>Christiane Le Breton<\/strong><\/p>\n\n\n\n<p>Tr\u00e9sori\u00e8re<\/p>\n<\/div>\n<\/div>\n\n\n\n<div class=\"wp-block-columns is-layout-flex wp-container-core-columns-is-layout-28f84493 wp-block-columns-is-layout-flex\">\n<div class=\"wp-block-column is-layout-flow wp-block-column-is-layout-flow\" style=\"flex-basis:33.33%\">\n<figure class=\"wp-block-image size-full\"><img loading=\"lazy\" decoding=\"async\" width=\"136\" height=\"141\" src=\"https:\/\/gymnastique-autrement.net\/wp-content\/uploads\/2023\/09\/image-6.png\" alt=\"\" class=\"wp-image-804\"\/><\/figure>\n<\/div>\n\n\n\n<div class=\"wp-block-column is-layout-flow wp-block-column-is-layout-flow\" style=\"flex-basis:120%\">\n<p><strong>Michelle Gaudin<\/strong><\/p>\n\n\n\n<p>Secr\u00e9taire<\/p>\n<\/div>\n<\/div>\n\n\n\n<div class=\"wp-block-columns is-layout-flex wp-container-core-columns-is-layout-28f84493 wp-block-columns-is-layout-flex\">\n<div class=\"wp-block-column is-layout-flow wp-block-column-is-layout-flow\" style=\"flex-basis:33.33%\">\n<figure class=\"wp-block-image size-full is-resized\"><img loading=\"lazy\" decoding=\"async\" src=\"https:\/\/gymnastique-autrement.net\/wp-content\/uploads\/2023\/09\/image.png\" alt=\"\" class=\"wp-image-806\" style=\"width:134px;height:143px\" width=\"134\" height=\"143\" srcset=\"https:\/\/gymnastique-autrement.net\/wp-content\/uploads\/2023\/09\/image.png 349w, https:\/\/gymnastique-autrement.net\/wp-content\/uploads\/2023\/09\/image-281x300.png 281w\" sizes=\"(max-width: 134px) 100vw, 134px\" \/><\/figure>\n<\/div>\n\n\n\n<div class=\"wp-block-column is-layout-flow wp-block-column-is-layout-flow\" style=\"flex-basis:120%\">\n<p><strong>Jean Lescop<\/strong><\/p>\n\n\n\n<p>Administrateur du site<\/p>\n<\/div>\n<\/div>\n","protected":false},"excerpt":{"rendered":"<p>Mme Dominique Lafourcade a int\u00e9gr\u00e9 le Bureau et pris le poste de Pr\u00e9sidente. Mme Marie-Jo Le Roux, Mme Christiane Le Breton et Mme Michelle Gaudin restent respectivement Vice-Pr\u00e9sidente, Tr\u00e9sori\u00e8re et Secr\u00e9taire. M. Jean Lescop continue de g\u00e9rer b\u00e9n\u00e9volement le site. Dominique Lafourcade Pr\u00e9sidente (mars 2022) Marie-Jo Le Roux Vice-Pr\u00e9sidente Christiane Le Breton Tr\u00e9sori\u00e8re Michelle Gaudin &hellip; <\/p>\n<p class=\"link-more\"><a href=\"https:\/\/gymnastique-autrement.net\/index.php\/bureau\/\" class=\"more-link\">Lire la suite de<span class=\"screen-reader-text\">\u00ab\u00a0Le bureau 2022-2023\u00a0\u00a0\u00bb<\/span><\/a><\/p>\n","protected":false},"author":1,"featured_media":0,"parent":0,"menu_order":0,"comment_status":"closed","ping_status":"closed","template":"","meta":{"footnotes":""},"folder":[13],"class_list":["post-15","page","type-page","status-publish","hentry"],"_links":{"self":[{"href":"https:\/\/gymnastique-autrement.net\/index.php\/wp-json\/wp\/v2\/pages\/15","targetHints":{"allow":["GET"]}}],"collection":[{"href":"https:\/\/gymnastique-autrement.net\/index.php\/wp-json\/wp\/v2\/pages"}],"about":[{"href":"https:\/\/gymnastique-autrement.net\/index.php\/wp-json\/wp\/v2\/types\/page"}],"author":[{"embeddable":true,"href":"https:\/\/gymnastique-autrement.net\/index.php\/wp-json\/wp\/v2\/users\/1"}],"replies":[{"embeddable":true,"href":"https:\/\/gymnastique-autrement.net\/index.php\/wp-json\/wp\/v2\/comments?post=15"}],"version-history":[{"count":7,"href":"https:\/\/gymnastique-autrement.net\/index.php\/wp-json\/wp\/v2\/pages\/15\/revisions"}],"predecessor-version":[{"id":809,"href":"https:\/\/gymnastique-autrement.net\/index.php\/wp-json\/wp\/v2\/pages\/15\/revisions\/809"}],"wp:attachment":[{"href":"https:\/\/gymnastique-autrement.net\/index.php\/wp-json\/wp\/v2\/media?parent=15"}],"wp:term":[{"taxonomy":"folder","embeddable":true,"href":"https:\/\/gymnastique-autrement.net\/index.php\/wp-json\/wp\/v2\/folder?post=15"}],"curies":[{"name":"wp","href":"https:\/\/api.w.org\/{rel}","templated":true}]}}