{"id":16,"date":"2023-07-31T20:27:08","date_gmt":"2023-07-31T18:27:08","guid":{"rendered":"https:\/\/gymnastique-autrement.net\/?page_id=16"},"modified":"2023-10-19T20:42:29","modified_gmt":"2023-10-19T18:42:29","slug":"lenseignante","status":"publish","type":"page","link":"https:\/\/gymnastique-autrement.net\/index.php\/lenseignante\/","title":{"rendered":"L&rsquo;enseignante"},"content":{"rendered":"\n<div class=\"wp-block-columns is-layout-flex wp-container-core-columns-is-layout-28f84493 wp-block-columns-is-layout-flex\">\n<div class=\"wp-block-column is-layout-flow wp-block-column-is-layout-flow\" style=\"flex-basis:33.33%\">\n<figure class=\"wp-block-image size-full is-resized\"><img fetchpriority=\"high\" decoding=\"async\" width=\"369\" height=\"405\" src=\"http:\/\/gymnastique-autrement.net\/wp-content\/uploads\/2023\/10\/Anne-Marie-Nouveau-visage.jpg\" alt=\"\" class=\"wp-image-949\" style=\"aspect-ratio:1;object-fit:cover;width:251px;height:auto\" srcset=\"https:\/\/gymnastique-autrement.net\/wp-content\/uploads\/2023\/10\/Anne-Marie-Nouveau-visage.jpg 369w, https:\/\/gymnastique-autrement.net\/wp-content\/uploads\/2023\/10\/Anne-Marie-Nouveau-visage-273x300.jpg 273w\" sizes=\"(max-width: 369px) 100vw, 369px\" \/><\/figure>\n<\/div>\n\n\n\n<div class=\"wp-block-column is-layout-flow wp-block-column-is-layout-flow\" style=\"flex-basis:66.66%\">\n<p>Kin\u00e9sith\u00e9rapeute M\u00e9zi\u00e8riste, Enseignante, dipl\u00f4m\u00e9e en Gymnastique holistique, certifi\u00e9e par la Guilde Feldenkrais, \u00e9l\u00e8ve de Myriam Pfeiffer. M\u00e8ne depuis le d\u00e9but de sa carri\u00e8re, des recherches dans le domaine des apprentissages sensoriels qu&rsquo;elle applique aupr\u00e8s de nombreux publics.<\/p>\n<\/div>\n<\/div>\n","protected":false},"excerpt":{"rendered":"<p>Kin\u00e9sith\u00e9rapeute M\u00e9zi\u00e8riste, Enseignante, dipl\u00f4m\u00e9e en Gymnastique holistique, certifi\u00e9e par la Guilde Feldenkrais, \u00e9l\u00e8ve de Myriam Pfeiffer. M\u00e8ne depuis le d\u00e9but de sa carri\u00e8re, des recherches dans le domaine des apprentissages sensoriels qu&rsquo;elle applique aupr\u00e8s de nombreux publics.<\/p>\n","protected":false},"author":1,"featured_media":0,"parent":0,"menu_order":0,"comment_status":"closed","ping_status":"closed","template":"","meta":{"footnotes":""},"folder":[12],"class_list":["post-16","page","type-page","status-publish","hentry"],"_links":{"self":[{"href":"https:\/\/gymnastique-autrement.net\/index.php\/wp-json\/wp\/v2\/pages\/16","targetHints":{"allow":["GET"]}}],"collection":[{"href":"https:\/\/gymnastique-autrement.net\/index.php\/wp-json\/wp\/v2\/pages"}],"about":[{"href":"https:\/\/gymnastique-autrement.net\/index.php\/wp-json\/wp\/v2\/types\/page"}],"author":[{"embeddable":true,"href":"https:\/\/gymnastique-autrement.net\/index.php\/wp-json\/wp\/v2\/users\/1"}],"replies":[{"embeddable":true,"href":"https:\/\/gymnastique-autrement.net\/index.php\/wp-json\/wp\/v2\/comments?post=16"}],"version-history":[{"count":6,"href":"https:\/\/gymnastique-autrement.net\/index.php\/wp-json\/wp\/v2\/pages\/16\/revisions"}],"predecessor-version":[{"id":951,"href":"https:\/\/gymnastique-autrement.net\/index.php\/wp-json\/wp\/v2\/pages\/16\/revisions\/951"}],"wp:attachment":[{"href":"https:\/\/gymnastique-autrement.net\/index.php\/wp-json\/wp\/v2\/media?parent=16"}],"wp:term":[{"taxonomy":"folder","embeddable":true,"href":"https:\/\/gymnastique-autrement.net\/index.php\/wp-json\/wp\/v2\/folder?post=16"}],"curies":[{"name":"wp","href":"https:\/\/api.w.org\/{rel}","templated":true}]}}